{"id":279,"date":"2020-02-18T14:58:18","date_gmt":"2020-02-18T13:58:18","guid":{"rendered":"http:\/\/ebwfabcdz.preview.infomaniak.website\/?page_id=279"},"modified":"2026-01-27T19:51:58","modified_gmt":"2026-01-27T18:51:58","slug":"accueil","status":"publish","type":"page","link":"https:\/\/www.restho-location.fr\/","title":{"rendered":"Accueil"},"content":{"rendered":"\n<p>Rest&#8217;Ho Location vous souhaite la bienvenue !<\/p>\n\n\n\n<p>Vous pouvez prendre rendez-vous pour venir visiter notre showroom.<\/p>\n\n\n\n<p><strong>Cong\u00e9s du 9.02.2026 au 15.02.2026<br><\/strong><\/p>\n\n\n\n<p>Parking r\u00e9serv\u00e9 \u00e0 la client\u00e8le.<\/p>\n\n\n\n<p>Adresse: 104 Impasse de Chavanne 69400 Arnas<br>T\u00e9l\u00e9phone: 04 74 09 02 37  <br>Mail:&nbsp;<a href=\"mailto:contact@restho-location.fr\">contact@restho-location.fr<\/a><\/p>\n","protected":false},"excerpt":{"rendered":"<p>Rest&#8217;Ho Location vous souhaite la bienvenue ! Vous pouvez prendre rendez-vous pour venir visiter notre showroom. Cong\u00e9s du 9.02.2026 au 15.02.2026 Parking r\u00e9serv\u00e9 \u00e0 la client\u00e8le. Adresse: 104 Impasse de Chavanne 69400 ArnasT\u00e9l\u00e9phone: 04 74 09 02 37 Mail:&nbsp;contact@restho-location.fr<\/p>\n","protected":false},"author":1,"featured_media":0,"parent":0,"menu_order":0,"comment_status":"closed","ping_status":"closed","template":"","meta":{"footnotes":""},"folder":[],"class_list":["post-279","page","type-page","status-publish","hentry"],"jetpack_sharing_enabled":true,"_links":{"self":[{"href":"https:\/\/www.restho-location.fr\/index.php?rest_route=\/wp\/v2\/pages\/279","targetHints":{"allow":["GET"]}}],"collection":[{"href":"https:\/\/www.restho-location.fr\/index.php?rest_route=\/wp\/v2\/pages"}],"about":[{"href":"https:\/\/www.restho-location.fr\/index.php?rest_route=\/wp\/v2\/types\/page"}],"author":[{"embeddable":true,"href":"https:\/\/www.restho-location.fr\/index.php?rest_route=\/wp\/v2\/users\/1"}],"replies":[{"embeddable":true,"href":"https:\/\/www.restho-location.fr\/index.php?rest_route=%2Fwp%2Fv2%2Fcomments&post=279"}],"version-history":[{"count":23,"href":"https:\/\/www.restho-location.fr\/index.php?rest_route=\/wp\/v2\/pages\/279\/revisions"}],"predecessor-version":[{"id":1589,"href":"https:\/\/www.restho-location.fr\/index.php?rest_route=\/wp\/v2\/pages\/279\/revisions\/1589"}],"wp:attachment":[{"href":"https:\/\/www.restho-location.fr\/index.php?rest_route=%2Fwp%2Fv2%2Fmedia&parent=279"}],"wp:term":[{"taxonomy":"folder","embeddable":true,"href":"https:\/\/www.restho-location.fr\/index.php?rest_route=%2Fwp%2Fv2%2Ffolder&post=279"}],"curies":[{"name":"wp","href":"https:\/\/api.w.org\/{rel}","templated":true}]}}