{"id":322,"date":"2020-02-19T10:54:59","date_gmt":"2020-02-19T09:54:59","guid":{"rendered":"http:\/\/ebwfabcdz.preview.infomaniak.website\/?page_id=322"},"modified":"2020-02-19T10:55:00","modified_gmt":"2020-02-19T09:55:00","slug":"conditions-de-location","status":"publish","type":"page","link":"https:\/\/www.restho-location.fr\/?page_id=322","title":{"rendered":"Conditions de location"},"content":{"rendered":"\n<h1 class=\"wp-block-heading\">Conditions g\u00e9n\u00e9rales de location<\/h1>\n\n\n\n<h3 class=\"wp-block-heading\">R\u00e8gle n\u00b0&nbsp;1<\/h3>\n\n\n\n<p>La cr\u00e9ation du devis ne constitue pas une acception de la part de Rest&#8217;Ho Location.<br>Une fois la confirmation faite par Rest&#8217;Ho Location, le devis est valid\u00e9 et la prestation r\u00e9serv\u00e9e.<\/p>\n\n\n\n<h3 class=\"wp-block-heading\">R\u00e8gle n\u00b0&nbsp;2<\/h3>\n\n\n\n<p>Le gros mat\u00e9riel (tables, chaises, tentes, etc\u2026) doit \u00eatre rendu propre.<br>La vaisselle et le linge qui vous sont lou\u00e9s propres et pr\u00eats \u00e0 servir pourront \u00eatre restitu\u00e9s non lav\u00e9s, mais d\u00e9barrass\u00e9s des d\u00e9chets, dans leurs caisses d\u2019origine.<\/p>\n\n\n\n<h3 class=\"wp-block-heading\">R\u00e8gle n\u00b0&nbsp;3<\/h3>\n\n\n\n<p>Un inventaire contradictoire sera effectu\u00e9 avant et apr\u00e8s la r\u00e9ception.<br>Afin d&#8217;\u00e9viter toute contestation, le client est pri\u00e9 d&#8217;y assister.<br>En cas d&#8217;absence,aucune contestation ne pourra \u00eatre admise ult\u00e9rieurement.<\/p>\n\n\n\n<h3 class=\"wp-block-heading\">R\u00e8gle n\u00b0 4<\/h3>\n\n\n\n<p>Durant toute la dur\u00e9e de la location, le locataire est responsable de tous les dommages caus\u00e9s au mat\u00e9riel du loueur, \u00e0 la propri\u00e9t\u00e9 d\u2019autrui et aux tiers.<\/p>\n\n\n\n<h3 class=\"wp-block-heading\">R\u00e8gle n\u00b05<\/h3>\n\n\n\n<p>En cas de perte ou de casse du produit manquant, la facturation sera faite sur la base de notre tarif de vente.<\/p>\n","protected":false},"excerpt":{"rendered":"<p>Conditions g\u00e9n\u00e9rales de location R\u00e8gle n\u00b0&nbsp;1 La cr\u00e9ation du devis ne constitue pas une acception de la part de Rest&#8217;Ho Location.Une fois la confirmation faite par Rest&#8217;Ho Location, le devis est valid\u00e9 et la prestation r\u00e9serv\u00e9e. R\u00e8gle n\u00b0&nbsp;2 Le gros mat\u00e9riel (tables, chaises, tentes, etc\u2026) doit \u00eatre rendu propre.La vaisselle et le linge qui vous [&hellip;]<\/p>\n","protected":false},"author":1,"featured_media":0,"parent":0,"menu_order":0,"comment_status":"closed","ping_status":"closed","template":"","meta":{"footnotes":""},"folder":[],"class_list":["post-322","page","type-page","status-publish","hentry"],"jetpack_sharing_enabled":true,"_links":{"self":[{"href":"https:\/\/www.restho-location.fr\/index.php?rest_route=\/wp\/v2\/pages\/322","targetHints":{"allow":["GET"]}}],"collection":[{"href":"https:\/\/www.restho-location.fr\/index.php?rest_route=\/wp\/v2\/pages"}],"about":[{"href":"https:\/\/www.restho-location.fr\/index.php?rest_route=\/wp\/v2\/types\/page"}],"author":[{"embeddable":true,"href":"https:\/\/www.restho-location.fr\/index.php?rest_route=\/wp\/v2\/users\/1"}],"replies":[{"embeddable":true,"href":"https:\/\/www.restho-location.fr\/index.php?rest_route=%2Fwp%2Fv2%2Fcomments&post=322"}],"version-history":[{"count":1,"href":"https:\/\/www.restho-location.fr\/index.php?rest_route=\/wp\/v2\/pages\/322\/revisions"}],"predecessor-version":[{"id":323,"href":"https:\/\/www.restho-location.fr\/index.php?rest_route=\/wp\/v2\/pages\/322\/revisions\/323"}],"wp:attachment":[{"href":"https:\/\/www.restho-location.fr\/index.php?rest_route=%2Fwp%2Fv2%2Fmedia&parent=322"}],"wp:term":[{"taxonomy":"folder","embeddable":true,"href":"https:\/\/www.restho-location.fr\/index.php?rest_route=%2Fwp%2Fv2%2Ffolder&post=322"}],"curies":[{"name":"wp","href":"https:\/\/api.w.org\/{rel}","templated":true}]}}