{"id":35,"date":"2019-09-10T07:14:17","date_gmt":"2019-09-10T05:14:17","guid":{"rendered":"http:\/\/ebwfabcdz.preview.infomaniak.website\/produit\/table-ronde\/"},"modified":"2023-03-15T08:10:19","modified_gmt":"2023-03-15T07:10:19","slug":"table-ronde","status":"publish","type":"product","link":"https:\/\/www.restho-location.fr\/?product=table-ronde","title":{"rendered":"Table ronde"},"content":{"rendered":"<p>Plateau bois et pi\u00e8tement acier.<\/p>\n","protected":false},"excerpt":{"rendered":"<p>Les tables rondes s&#8217;adaptent \u00e0 tous vos \u00e9v\u00e8nements et elles pr\u00e9sentent l&#8217;avantage d&#8217;\u00eatre conviviales.<\/p>\n<p>Que ce soit pour un mariage, un anniversaire, une r\u00e9union de travail, une soir\u00e9e, elles permettent de discuter avec tous les convives.<\/p>\n<p>Vous pouvez louez diff\u00e9rentes tailles en fonction de votre plan de table et du nombres d&#8217;invit\u00e9s ou varier avec des tables ovales:<\/p>\n<ul style=\"list-style-type: circle;\">\n<li>Table ronde de petite dimension permettant d&#8217;accueillir 6 \u00e0 8 convives.<\/li>\n<li>Table ronde de dimension moyenne permettant d&#8217;accueillir 8 \u00e0 9 convives.<\/li>\n<li>Table ronde de grande dimension permettant d&#8217;accueillir 10 \u00e0 11 convives.<\/li>\n<\/ul>\n","protected":false},"featured_media":705,"template":"","meta":[],"product_brand":[],"product_cat":[27,31],"product_tag":[],"product_folder":[],"class_list":{"0":"post-35","1":"product","2":"type-product","3":"status-publish","4":"has-post-thumbnail","6":"product_cat-mobilier","7":"product_cat-tables","9":"first","10":"instock","11":"taxable","12":"shipping-taxable","13":"purchasable","14":"product-type-variable"},"jetpack_sharing_enabled":true,"_links":{"self":[{"href":"https:\/\/www.restho-location.fr\/index.php?rest_route=\/wp\/v2\/product\/35","targetHints":{"allow":["GET"]}}],"collection":[{"href":"https:\/\/www.restho-location.fr\/index.php?rest_route=\/wp\/v2\/product"}],"about":[{"href":"https:\/\/www.restho-location.fr\/index.php?rest_route=\/wp\/v2\/types\/product"}],"wp:featuredmedia":[{"embeddable":true,"href":"https:\/\/www.restho-location.fr\/index.php?rest_route=\/wp\/v2\/media\/705"}],"wp:attachment":[{"href":"https:\/\/www.restho-location.fr\/index.php?rest_route=%2Fwp%2Fv2%2Fmedia&parent=35"}],"wp:term":[{"taxonomy":"product_brand","embeddable":true,"href":"https:\/\/www.restho-location.fr\/index.php?rest_route=%2Fwp%2Fv2%2Fproduct_brand&post=35"},{"taxonomy":"product_cat","embeddable":true,"href":"https:\/\/www.restho-location.fr\/index.php?rest_route=%2Fwp%2Fv2%2Fproduct_cat&post=35"},{"taxonomy":"product_tag","embeddable":true,"href":"https:\/\/www.restho-location.fr\/index.php?rest_route=%2Fwp%2Fv2%2Fproduct_tag&post=35"},{"taxonomy":"product_folder","embeddable":true,"href":"https:\/\/www.restho-location.fr\/index.php?rest_route=%2Fwp%2Fv2%2Fproduct_folder&post=35"}],"curies":[{"name":"wp","href":"https:\/\/api.w.org\/{rel}","templated":true}]}}