{"id":37,"date":"2019-09-10T07:14:19","date_gmt":"2019-09-10T05:14:19","guid":{"rendered":"http:\/\/ebwfabcdz.preview.infomaniak.website\/produit\/table-carree\/"},"modified":"2025-03-07T15:15:08","modified_gmt":"2025-03-07T14:15:08","slug":"table-carree","status":"publish","type":"product","link":"https:\/\/www.restho-location.fr\/?product=table-carree","title":{"rendered":"Table carr\u00e9e"},"content":{"rendered":"<p>Table carr\u00e9e avec plateau bois et pi\u00e8tement en acier.<\/p>\n","protected":false},"excerpt":{"rendered":"<p>Table carr\u00e9e id\u00e9ale pour cr\u00e9er des atmosph\u00e8res &#8220;t\u00eate \u00e0 t\u00eate&#8221; ou pour cr\u00e9er des tables d&#8217;enfants.<\/p>\n","protected":false},"featured_media":36,"template":"","meta":[],"product_brand":[],"product_cat":[27,31],"product_tag":[],"product_folder":[],"class_list":{"0":"post-37","1":"product","2":"type-product","3":"status-publish","4":"has-post-thumbnail","6":"product_cat-mobilier","7":"product_cat-tables","9":"first","10":"instock","11":"taxable","12":"shipping-taxable","13":"purchasable","14":"product-type-simple"},"jetpack_sharing_enabled":true,"_links":{"self":[{"href":"https:\/\/www.restho-location.fr\/index.php?rest_route=\/wp\/v2\/product\/37","targetHints":{"allow":["GET"]}}],"collection":[{"href":"https:\/\/www.restho-location.fr\/index.php?rest_route=\/wp\/v2\/product"}],"about":[{"href":"https:\/\/www.restho-location.fr\/index.php?rest_route=\/wp\/v2\/types\/product"}],"wp:featuredmedia":[{"embeddable":true,"href":"https:\/\/www.restho-location.fr\/index.php?rest_route=\/wp\/v2\/media\/36"}],"wp:attachment":[{"href":"https:\/\/www.restho-location.fr\/index.php?rest_route=%2Fwp%2Fv2%2Fmedia&parent=37"}],"wp:term":[{"taxonomy":"product_brand","embeddable":true,"href":"https:\/\/www.restho-location.fr\/index.php?rest_route=%2Fwp%2Fv2%2Fproduct_brand&post=37"},{"taxonomy":"product_cat","embeddable":true,"href":"https:\/\/www.restho-location.fr\/index.php?rest_route=%2Fwp%2Fv2%2Fproduct_cat&post=37"},{"taxonomy":"product_tag","embeddable":true,"href":"https:\/\/www.restho-location.fr\/index.php?rest_route=%2Fwp%2Fv2%2Fproduct_tag&post=37"},{"taxonomy":"product_folder","embeddable":true,"href":"https:\/\/www.restho-location.fr\/index.php?rest_route=%2Fwp%2Fv2%2Fproduct_folder&post=37"}],"curies":[{"name":"wp","href":"https:\/\/api.w.org\/{rel}","templated":true}]}}